{"id":48,"date":"2026-03-19T17:39:11","date_gmt":"2026-03-19T17:39:11","guid":{"rendered":"https:\/\/xloveexperience.com\/sistema\/?post_type=product&#038;p=48"},"modified":"2026-04-10T15:37:20","modified_gmt":"2026-04-10T15:37:20","slug":"chocolate-ritual-casal-elas","status":"publish","type":"product","link":"https:\/\/xloveexperience.com\/sistema\/product\/chocolate-ritual-casal-elas\/","title":{"rendered":"CHOCOLATE RITUAL CASAL ELAS"},"content":{"rendered":"<p style=\"text-align: center;\"><strong><span class=\"kicker\">CHOCOLATE RITUAL CASAL ELAS<\/span><\/strong><\/p>\n<h4 style=\"text-align: center;\">Desde o instante em que a embalagem \u00e9 aberta, o casal sente que existe algo especial ali. A expectativa cresce, a aten\u00e7\u00e3o muda e o momento passa a ter um significado maior do que um simples gesto do dia a dia.<\/h4>\n<h4 style=\"text-align: center;\">\u00c9 justamente isso que torna o Ritual Casal Elas t\u00e3o forte como presente para casal, presente rom\u00e2ntico e experi\u00eancia para casal:<\/h4>\n<p style=\"text-align: center;\">ele n\u00e3o se limita ao produto, ele cria atmosfera.<\/p>\n<p>&nbsp;<\/p>\n<h2 style=\"text-align: center;\">Voc\u00ea n\u00e3o precisa de <span class=\"blue\" style=\"color: #0000ff;\">AZUL<\/span> quando existe\u00a0<span class=\"gold\" style=\"color: #ffcc00;\">OURO <\/span>aqui.<\/h2>\n<h2 style=\"text-align: center;\">Desenvolvido para oferecer uma experi\u00eancia que\u00a0pode acompanhar voc\u00ea por at\u00e9<\/h2>\n<h1 style=\"text-align: center;\">36 horas*<\/h1>\n<p>.<\/p>\n<p>&nbsp;<\/p>\n<p>&nbsp;<\/p>\n<h2>Oque vem na Embalagem Ritual Casal ELAS?<\/h2>\n<blockquote><p><span style=\"color: black;\"><b>&#8211; Embalagem com 02 Trufas para Elas de Chocolate<\/b><br \/>\n<b>&#8211; Flyer com manual de uso, dicas incr\u00edveis e uma Playlist Selecionada<\/b><br \/>\n<b>&#8211; Pode ter um Ticket Premiado, Gold Ticket<\/b><\/span><\/p><\/blockquote>\n","protected":false},"excerpt":{"rendered":"<p>CHOCOLATE RITUAL CASAL ELAS<\/p>\n<p>&nbsp;<\/p>\n","protected":false},"featured_media":49,"template":"","meta":[],"product_brand":[35],"product_cat":[22],"product_tag":[],"class_list":{"0":"post-48","1":"product","2":"type-product","3":"status-publish","4":"has-post-thumbnail","6":"product_brand-xlove-experience","7":"product_cat-chocolate-xlove","9":"first","10":"instock","11":"sale","12":"featured","13":"purchasable","14":"product-type-simple"},"_links":{"self":[{"href":"https:\/\/xloveexperience.com\/sistema\/wp-json\/wp\/v2\/product\/48","targetHints":{"allow":["GET"]}}],"collection":[{"href":"https:\/\/xloveexperience.com\/sistema\/wp-json\/wp\/v2\/product"}],"about":[{"href":"https:\/\/xloveexperience.com\/sistema\/wp-json\/wp\/v2\/types\/product"}],"wp:featuredmedia":[{"embeddable":true,"href":"https:\/\/xloveexperience.com\/sistema\/wp-json\/wp\/v2\/media\/49"}],"wp:attachment":[{"href":"https:\/\/xloveexperience.com\/sistema\/wp-json\/wp\/v2\/media?parent=48"}],"wp:term":[{"taxonomy":"product_brand","embeddable":true,"href":"https:\/\/xloveexperience.com\/sistema\/wp-json\/wp\/v2\/product_brand?post=48"},{"taxonomy":"product_cat","embeddable":true,"href":"https:\/\/xloveexperience.com\/sistema\/wp-json\/wp\/v2\/product_cat?post=48"},{"taxonomy":"product_tag","embeddable":true,"href":"https:\/\/xloveexperience.com\/sistema\/wp-json\/wp\/v2\/product_tag?post=48"}],"curies":[{"name":"wp","href":"https:\/\/api.w.org\/{rel}","templated":true}]}}