{"id":59,"date":"2026-03-22T15:38:33","date_gmt":"2026-03-22T15:38:33","guid":{"rendered":"https:\/\/xloveexperience.com\/sistema\/?post_type=product&#038;p=59"},"modified":"2026-04-10T15:41:32","modified_gmt":"2026-04-10T15:41:32","slug":"chocolate-ritual-trisal-elas-e-ele","status":"publish","type":"product","link":"https:\/\/xloveexperience.com\/sistema\/product\/chocolate-ritual-trisal-elas-e-ele\/","title":{"rendered":"CHOCOLATE RITUAL TRISAL ELAS E ELE"},"content":{"rendered":"<blockquote>\n<p style=\"text-align: center;\"><strong><span class=\"kicker\">CHOCOLATE RITUAL TRISAL ELAS E ELE<\/span><\/strong><\/p>\n<h4 style=\"text-align: center;\">Desde o instante em que a embalagem \u00e9 aberta, o casal sente que existe algo especial ali. A expectativa cresce, a aten\u00e7\u00e3o muda e o momento passa a ter um significado maior do que um simples gesto do dia a dia.<\/h4>\n<h4 style=\"text-align: center;\">\u00c9 justamente isso que torna o Ritual Trisal Elas e Ele t\u00e3o forte como presente para casal, presente rom\u00e2ntico e experi\u00eancia para o Trio:<\/h4>\n<p style=\"text-align: center;\">ele n\u00e3o se limita ao produto, ele cria atmosfera.<\/p>\n<p>&nbsp;<\/p>\n<h2 style=\"text-align: center;\">Voc\u00ea n\u00e3o precisa de <span class=\"blue\" style=\"color: #0000ff;\">AZUL<\/span> quando existe\u00a0<span class=\"gold\" style=\"color: #ffcc00;\">OURO <\/span>aqui.<\/h2>\n<h2 style=\"text-align: center;\">Desenvolvido para oferecer uma experi\u00eancia que\u00a0pode acompanhar voc\u00ea por at\u00e9<\/h2>\n<h1 style=\"text-align: center;\">36 horas*<\/h1>\n<p>.<\/p>\n<p>&nbsp;<\/p>\n<p>&nbsp;<\/p>\n<h2>Oque vem na Embalagem Ritual trisal Elas e Ele?<\/h2>\n<p><b>&#8211; Embalagem com 03 Trufas(<\/b><b>2 trufas para elas e 1 trufa para ele) para Eles de Chocolate<\/b><br \/>\n<b>&#8211; Flyer com manual de uso, dicas incr\u00edveis e uma Playlist Selecionada<\/b><br \/>\n<b>&#8211; Pode ter um Ticket Premiado, Gold Ticket<\/b><\/p><\/blockquote>\n","protected":false},"excerpt":{"rendered":"<p>Chocolate ritual trisal elas e ele<\/p>\n","protected":false},"featured_media":60,"template":"","meta":[],"product_brand":[35],"product_cat":[22],"product_tag":[28,21,27,29],"class_list":{"0":"post-59","1":"product","2":"type-product","3":"status-publish","4":"has-post-thumbnail","6":"product_brand-xlove-experience","7":"product_cat-chocolate-xlove","8":"product_tag-chocolate-afrodisiaco","9":"product_tag-chocolate-para-casal","10":"product_tag-chocolate-ritual-trisal-elas-e-ele","11":"product_tag-presente-para-casal","13":"first","14":"instock","15":"sale","16":"featured","17":"purchasable","18":"product-type-simple"},"_links":{"self":[{"href":"https:\/\/xloveexperience.com\/sistema\/wp-json\/wp\/v2\/product\/59","targetHints":{"allow":["GET"]}}],"collection":[{"href":"https:\/\/xloveexperience.com\/sistema\/wp-json\/wp\/v2\/product"}],"about":[{"href":"https:\/\/xloveexperience.com\/sistema\/wp-json\/wp\/v2\/types\/product"}],"wp:featuredmedia":[{"embeddable":true,"href":"https:\/\/xloveexperience.com\/sistema\/wp-json\/wp\/v2\/media\/60"}],"wp:attachment":[{"href":"https:\/\/xloveexperience.com\/sistema\/wp-json\/wp\/v2\/media?parent=59"}],"wp:term":[{"taxonomy":"product_brand","embeddable":true,"href":"https:\/\/xloveexperience.com\/sistema\/wp-json\/wp\/v2\/product_brand?post=59"},{"taxonomy":"product_cat","embeddable":true,"href":"https:\/\/xloveexperience.com\/sistema\/wp-json\/wp\/v2\/product_cat?post=59"},{"taxonomy":"product_tag","embeddable":true,"href":"https:\/\/xloveexperience.com\/sistema\/wp-json\/wp\/v2\/product_tag?post=59"}],"curies":[{"name":"wp","href":"https:\/\/api.w.org\/{rel}","templated":true}]}}